{"id":55,"date":"2013-03-22T11:45:42","date_gmt":"2013-03-22T10:45:42","guid":{"rendered":"http:\/\/www.schoolofevangelization.org\/WP\/?page_id=55"},"modified":"2025-05-22T22:54:53","modified_gmt":"2025-05-22T20:54:53","slug":"contatto","status":"publish","type":"page","link":"https:\/\/schoolofevangelization.org\/WP\/?page_id=55&lang=pl","title":{"rendered":"Kontakt"},"content":{"rendered":"<p><span style=\"color: #ff0000;\"><img loading=\"lazy\" decoding=\"async\" class=\"wp-image-2502 alignleft\" style=\"font-family: NonBreakingSpaceOverride, 'Hoefler Text', 'Noto Serif', Garamond, 'Times New Roman', serif; letter-spacing: normal;\" src=\"http:\/\/www.schoolofevangelization.org\/WP\/wp-content\/uploads\/2025\/05\/SIE-logo-1.png\" alt=\"\" width=\"69\" height=\"69\" srcset=\"https:\/\/schoolofevangelization.org\/WP\/wp-content\/uploads\/2025\/05\/SIE-logo-1.png 907w, https:\/\/schoolofevangelization.org\/WP\/wp-content\/uploads\/2025\/05\/SIE-logo-1-300x300.png 300w, https:\/\/schoolofevangelization.org\/WP\/wp-content\/uploads\/2025\/05\/SIE-logo-1-150x150.png 150w, https:\/\/schoolofevangelization.org\/WP\/wp-content\/uploads\/2025\/05\/SIE-logo-1-768x768.png 768w\" sizes=\"auto, (max-width: 69px) 100vw, 69px\" \/><\/span><\/p>\n<p><span style=\"color: #ff0000;\"><strong>MI\u0118DZYNARODOWA SZKO\u0141A EWANGELIZACJI<\/strong><\/span><\/p>\n<p>&nbsp;<\/p>\n<p>&nbsp;<\/p>\n<p>Contrada Ricciola 78, 62019 Recanati &#8211; Italia<\/p>\n<p>G\u0142\u00f3wny: p. Marcel Hako\u0161, misjonarz kap\u0142an Koinonia Jan Chrzciciel<\/p>\n<p>Sekretariat: siostra Alessandra Zuccato\u00a0 \u00a0 \u00a0 \u00a0 \u00a0 \u00a0 \u00a0 \u00a0 \u00a0 \u00a0 \u00a0 \u00a0 \u00a0 \u00a0 \u00a0 \u00a0 \u00a0 \u00a0 \u00a0 \u00a0 \u00a0 \u00a0 \u00a0 \u00a0 \u00a0 \u00a0 \u00a0 \u00a0 \u00a0 \u00a0 \u00a0 \u00a0 \u00a0 \u00a0 \u00a0 \u00a0 \u00a0 \u00a0 \u00a0 \u00a0 \u00a0 \u00a0 \u00a0 \u00a0 \u00a0 \u00a0 Whatsapp: +39 366 952 3656<br \/>\nEmail: <a class=\"\" href=\"mailto:school@koinoniagb.org\">school@koinoniagb.org<\/a><\/p>\n","protected":false},"excerpt":{"rendered":"<p>MI\u0118DZYNARODOWA SZKO\u0141A EWANGELIZACJI &nbsp; &nbsp; Contrada Ricciola 78, 62019 Recanati &#8211; Italia G\u0142\u00f3wny: p. Marcel Hako\u0161, misjonarz kap\u0142an Koinonia Jan Chrzciciel Sekretariat: siostra Alessandra Zuccato\u00a0 &hellip;<\/p>\n","protected":false},"author":1,"featured_media":0,"parent":0,"menu_order":6,"comment_status":"closed","ping_status":"closed","template":"","meta":{"footnotes":""},"class_list":["post-55","page","type-page","status-publish","hentry"],"_links":{"self":[{"href":"https:\/\/schoolofevangelization.org\/WP\/index.php?rest_route=\/wp\/v2\/pages\/55","targetHints":{"allow":["GET"]}}],"collection":[{"href":"https:\/\/schoolofevangelization.org\/WP\/index.php?rest_route=\/wp\/v2\/pages"}],"about":[{"href":"https:\/\/schoolofevangelization.org\/WP\/index.php?rest_route=\/wp\/v2\/types\/page"}],"author":[{"embeddable":true,"href":"https:\/\/schoolofevangelization.org\/WP\/index.php?rest_route=\/wp\/v2\/users\/1"}],"replies":[{"embeddable":true,"href":"https:\/\/schoolofevangelization.org\/WP\/index.php?rest_route=%2Fwp%2Fv2%2Fcomments&post=55"}],"version-history":[{"count":88,"href":"https:\/\/schoolofevangelization.org\/WP\/index.php?rest_route=\/wp\/v2\/pages\/55\/revisions"}],"predecessor-version":[{"id":2537,"href":"https:\/\/schoolofevangelization.org\/WP\/index.php?rest_route=\/wp\/v2\/pages\/55\/revisions\/2537"}],"wp:attachment":[{"href":"https:\/\/schoolofevangelization.org\/WP\/index.php?rest_route=%2Fwp%2Fv2%2Fmedia&parent=55"}],"curies":[{"name":"wp","href":"https:\/\/api.w.org\/{rel}","templated":true}]}}