{"id":339,"date":"2013-04-19T07:14:46","date_gmt":"2013-04-19T05:14:46","guid":{"rendered":"http:\/\/www.schoolofevangelization.org\/WP\/?page_id=339"},"modified":"2025-04-25T17:25:06","modified_gmt":"2025-04-25T15:25:06","slug":"manuali","status":"publish","type":"page","link":"https:\/\/schoolofevangelization.org\/WP\/?page_id=339","title":{"rendered":"Manuali"},"content":{"rendered":"<p><strong><span style=\"color: #ff0000;\"><strong><a href=\"http:\/\/www.schoolofevangelization.org\/WP\/wp-content\/uploads\/2013\/04\/r.jpg\"><img loading=\"lazy\" decoding=\"async\" class=\"alignleft size-medium wp-image-862\" src=\"http:\/\/www.schoolofevangelization.org\/WP\/wp-content\/uploads\/2013\/04\/r-211x300.jpg\" alt=\"r\" width=\"211\" height=\"300\" srcset=\"https:\/\/schoolofevangelization.org\/WP\/wp-content\/uploads\/2013\/04\/r-211x300.jpg 211w, https:\/\/schoolofevangelization.org\/WP\/wp-content\/uploads\/2013\/04\/r-722x1024.jpg 722w, https:\/\/schoolofevangelization.org\/WP\/wp-content\/uploads\/2013\/04\/r.jpg 1270w\" sizes=\"auto, (max-width: 211px) 100vw, 211px\" \/><\/a><\/strong><\/span><\/strong><strong><span style=\"color: #ff0000;\"><strong>MANUALE DEL CORSO RETE DI PESCA<br \/>\n<\/strong><\/span><\/strong><\/p>\n<p>La Koinonia Giovanni Battista \u00e8 nata come casa di preghiera. Cos\u00ec sono stati gli inizi: riunioni di preghiera, aperti ai lontani, dove si lodava e si annunciava Ges\u00f9, dove nascevano relazioni di amicizia e si sperimentava la forza operante dei carismi.<br \/>\n<strong>L\u2019intento del manuale<\/strong> \u00e8 di offrire una breve sintesi universale e pratica di cosa sia la casa dai preghiera, del suo perch\u00e9, del come si debba animare e della sua moltiplicazione senza la pretesa di essere esaustivo, lasciando le sue applicazioni concrete, nei diversi contesti, alla sapienza degli animatori e dei rispettivi pastori e al direttorio specifico della casa dai preghiera.<\/p>\n<p><span style=\"color: #ff0000;\"><em>Possibilit\u00e0 di spedizione! Contattaci:<a href=\"mailto:school@koinoniagb.org\"> school@koinoniagb.org<\/a><\/em><\/span><\/p>\n<p><strong><span style=\"color: #ff0000;\"><strong><a href=\"http:\/\/www.schoolofevangelization.org\/WP\/wp-content\/uploads\/2015\/03\/corso_giosue.jpg\"><img loading=\"lazy\" decoding=\"async\" class=\"alignleft size-medium wp-image-712\" src=\"http:\/\/www.schoolofevangelization.org\/WP\/wp-content\/uploads\/2015\/03\/corso_giosue-221x300.jpg\" alt=\"corso_giosue\" width=\"221\" height=\"300\" srcset=\"https:\/\/schoolofevangelization.org\/WP\/wp-content\/uploads\/2015\/03\/corso_giosue-221x300.jpg 221w, https:\/\/schoolofevangelization.org\/WP\/wp-content\/uploads\/2015\/03\/corso_giosue-754x1024.jpg 754w\" sizes=\"auto, (max-width: 221px) 100vw, 221px\" \/><\/a><\/strong><\/span><\/strong><strong><span style=\"color: #ff0000;\"><strong>MANUALE<\/strong><\/span> <span style=\"color: #ff0000;\">DEL CORSO GIOSUE&#8217;<\/span><\/strong><\/p>\n<p>Il corso vuole dare gli elementi necessari<br \/>\nper acquisire una mentalit\u00e0 vincente,<br \/>\nsull&#8217;esempio di Giosu\u00e8 nella conquista della<br \/>\nTerra Promessa. Proclamare, pensare, agire secondo la Parola sono le tre azioni attraverso le quali si concretizza la mentalit\u00e0 vincente. Il manuale abbiamo voluto dedicare al nostro caro fratello p. Emanuele De Nardi (15 luglio 1959 &#8211; 6 febbraio 2014) uno dei padri di questo corso che ora gi\u00e0 gode pienamente della vittoria di Ges\u00f9.<\/p>\n<p><span style=\"color: #ff0000;\"><em>Possibilit\u00e0 di spedizione! Contattaci:<a href=\"mailto:school@koinoniagb.org\"> school@koinoniagb.org<\/a><\/em><\/span><\/p>\n<p><strong><a href=\"http:\/\/www.schoolofevangelization.org\/WP\/wp-content\/uploads\/2014\/08\/Schermata-2014-08-23-a-10.45.44.png\"><img loading=\"lazy\" decoding=\"async\" class=\"alignleft size-medium wp-image-603\" src=\"http:\/\/www.schoolofevangelization.org\/WP\/wp-content\/uploads\/2014\/08\/Schermata-2014-08-23-a-10.45.44-214x300.png\" alt=\"Schermata 2014-08-23 a 10.45.44\" width=\"214\" height=\"300\" srcset=\"https:\/\/schoolofevangelization.org\/WP\/wp-content\/uploads\/2014\/08\/Schermata-2014-08-23-a-10.45.44-214x300.png 214w, https:\/\/schoolofevangelization.org\/WP\/wp-content\/uploads\/2014\/08\/Schermata-2014-08-23-a-10.45.44.png 301w\" sizes=\"auto, (max-width: 214px) 100vw, 214px\" \/><\/a><\/strong><strong><span style=\"color: #ff0000;\">MANUALE DEL CORSO PAOLO<\/span><\/strong><\/p>\n<p>Il corso Paolo unitamente al corso Filippo, ricopre un ruolo fondamentale nella formazione cristiana<br \/>\nin quanto pone le basi per una mentalit\u00e0 evangelizzatrice. Il corso Paolo \u00e8 un corso<br \/>\nper formare evangelizzatori che sappiano annunciare il kerygma in forma semplice, pratica ed efficace. Che questo manuale<br \/>\nsia nelle mani dei pastori e degli evangelizzatori della Koinonia Giovanni Battista uno strumento<br \/>\nutile per diffondere in tutto il mondo l\u2019annuncio gioioso del kerygma.<\/p>\n<p><span style=\"color: #ff0000;\"><em>Possibilit\u00e0 di spedizione! Contattaci:<a href=\"mailto:school@koinoniagb.org\"> school@koinoniagb.org<\/a><\/em><\/span><em><br \/>\n<\/em><\/p>\n<p><strong><a href=\"http:\/\/www.schoolofevangelization.org\/WP\/wp-content\/uploads\/2013\/04\/is.jpg\"><img loading=\"lazy\" decoding=\"async\" class=\"alignleft size-medium wp-image-454\" src=\"http:\/\/www.schoolofevangelization.org\/WP\/wp-content\/uploads\/2013\/04\/is-211x300.jpg\" alt=\"is\" width=\"211\" height=\"300\" srcset=\"https:\/\/schoolofevangelization.org\/WP\/wp-content\/uploads\/2013\/04\/is-211x300.jpg 211w, https:\/\/schoolofevangelization.org\/WP\/wp-content\/uploads\/2013\/04\/is-721x1024.jpg 721w, https:\/\/schoolofevangelization.org\/WP\/wp-content\/uploads\/2013\/04\/is.jpg 1270w\" sizes=\"auto, (max-width: 211px) 100vw, 211px\" \/><\/a><\/strong><span style=\"color: #ff0000;\"><strong>MANUALE DEL CORSO ISAIA<\/strong><\/span><\/p>\n<p>La Parola di Dio \u00e8 viva ed efficace, trasforma la nostra vita in conformit\u00e0 alla\u00a0volont\u00e0 di Dio. Essa diventa operante in noi nella misura in cui ci relazioniamo\u00a0con essa.<br \/>\nQuesto manuale \u00e8 stato scritto per dare un supporto metodologico,\u00a0da parte della Scuola di Evangelizzazione della Koinonia Giovanni Battista,\u00a0per riprodurre il corso Isaia in modo da portare i fratelli ad una relazione\u00a0personale ed affettiva con la Bibbia.<\/p>\n<p><span style=\"color: #ff0000;\"><em>Possibilit\u00e0 di spedizione! Contattaci:<a href=\"mailto:school@koinoniagb.org\"> school@koinoniagb.org<\/a><\/em><\/span><\/p>\n<p>&nbsp;<\/p>\n<p><strong><span style=\"color: #ff0000;\"><a style=\"color: #ff0000;\" href=\"http:\/\/www.schoolofevangelization.org\/WP\/wp-content\/uploads\/2013\/05\/CT.jpg\" target=\"_blank\" rel=\"noopener\"><img loading=\"lazy\" decoding=\"async\" class=\"size-medium wp-image-398 alignleft\" src=\"http:\/\/www.schoolofevangelization.org\/WP\/wp-content\/uploads\/2013\/05\/CT-211x300.jpg\" alt=\"CT\" width=\"211\" height=\"300\" srcset=\"https:\/\/schoolofevangelization.org\/WP\/wp-content\/uploads\/2013\/05\/CT-211x300.jpg 211w, https:\/\/schoolofevangelization.org\/WP\/wp-content\/uploads\/2013\/05\/CT-722x1024.jpg 722w, https:\/\/schoolofevangelization.org\/WP\/wp-content\/uploads\/2013\/05\/CT.jpg 847w\" sizes=\"auto, (max-width: 211px) 100vw, 211px\" \/><\/a><\/span><\/strong><strong><span style=\"color: #ff0000;\"><strong>MANUALE DEL CORSO TESTIMONIANZA<br \/>\n<\/strong><\/span><\/strong><\/p>\n<p><span style=\"color: #ff0000;\"><span style=\"color: #000000;\">Chi ha sperimentato l\u2019incontro personale con il Signore Ges\u00f9 e si \u00e8 sentito trasformato dalla sua presenza salvatrice, inevitabilmente sente una forza interiore che lo spinge a parlare e a comunicare agli altri la formidabile esperienza vissuta.<br \/>\nQuesto manuale \u00e8 un valido aiuto per l\u2019opera della Nuova Evangelizzazione, affinch\u00e9 molti cuori vengano toccati dal dono del Signore e diventino a loro volta testimoni gioiosi della resurrezione di Ges\u00f9.<\/span><\/span><\/p>\n<p><span style=\"color: #ff0000;\"><em>Possibilit\u00e0 di spedizione! Contattaci:<a href=\"mailto:school@koinoniagb.org\"> school@koinoniagb.org<\/a><\/em><\/span><\/p>\n<p><strong><a href=\"http:\/\/www.schoolofevangelization.org\/WP\/wp-content\/uploads\/2013\/04\/1.jpg\" target=\"_blank\" rel=\"noopener\"><img loading=\"lazy\" decoding=\"async\" class=\"alignleft size-medium wp-image-400\" src=\"http:\/\/www.schoolofevangelization.org\/WP\/wp-content\/uploads\/2013\/04\/1-211x300.jpg\" alt=\"1\" width=\"211\" height=\"300\" srcset=\"https:\/\/schoolofevangelization.org\/WP\/wp-content\/uploads\/2013\/04\/1-211x300.jpg 211w, https:\/\/schoolofevangelization.org\/WP\/wp-content\/uploads\/2013\/04\/1-721x1024.jpg 721w, https:\/\/schoolofevangelization.org\/WP\/wp-content\/uploads\/2013\/04\/1.jpg 1270w\" sizes=\"auto, (max-width: 211px) 100vw, 211px\" \/><\/a><\/strong><\/p>\n<p><strong><span style=\"color: #ff0000;\">MANUALE DEL CORSO FILIPPO<\/span><\/strong><\/p>\n<p>\u00c8 il primo di una serie di manuali; \u00e8 nato 17 anni fa quando si imponeva il bisogno di proclamare il kerygma ai fratelli battezzati che conoscevano il Signore dal solo catechismo, ma ancora non avevano nessuna esperienza di salvezza in Ges\u00f9, n\u00e9 esperienza dell&#8217;effusione dello Spirito Santo e neppure del fratello quale membro di uno stesso corpo. Proprio a questo intendono portare i sei punti del kerygma contenuti in questo manuale. Oggi pi\u00f9 che mai c&#8217;\u00e8 il bisogno per ognuno di un incontro personale con Ges\u00f9 nello Spirito e nell&#8217;apertura all&#8217;amicizia comunitaria.<\/p>\n<p><span style=\"color: #ff0000;\"><em>Per info:<a href=\"mailto:school@koinoniagb.org\"> school@koinoniagb.org<\/a><\/em><\/span><\/p>\n","protected":false},"excerpt":{"rendered":"<p>MANUALE DEL CORSO RETE DI PESCA La Koinonia Giovanni Battista \u00e8 nata come casa di preghiera. Cos\u00ec sono stati gli inizi: riunioni di preghiera, aperti &hellip;<\/p>\n","protected":false},"author":1,"featured_media":0,"parent":0,"menu_order":3,"comment_status":"open","ping_status":"open","template":"","meta":{"footnotes":""},"class_list":["post-339","page","type-page","status-publish","hentry"],"_links":{"self":[{"href":"https:\/\/schoolofevangelization.org\/WP\/index.php?rest_route=\/wp\/v2\/pages\/339","targetHints":{"allow":["GET"]}}],"collection":[{"href":"https:\/\/schoolofevangelization.org\/WP\/index.php?rest_route=\/wp\/v2\/pages"}],"about":[{"href":"https:\/\/schoolofevangelization.org\/WP\/index.php?rest_route=\/wp\/v2\/types\/page"}],"author":[{"embeddable":true,"href":"https:\/\/schoolofevangelization.org\/WP\/index.php?rest_route=\/wp\/v2\/users\/1"}],"replies":[{"embeddable":true,"href":"https:\/\/schoolofevangelization.org\/WP\/index.php?rest_route=%2Fwp%2Fv2%2Fcomments&post=339"}],"version-history":[{"count":63,"href":"https:\/\/schoolofevangelization.org\/WP\/index.php?rest_route=\/wp\/v2\/pages\/339\/revisions"}],"predecessor-version":[{"id":2339,"href":"https:\/\/schoolofevangelization.org\/WP\/index.php?rest_route=\/wp\/v2\/pages\/339\/revisions\/2339"}],"wp:attachment":[{"href":"https:\/\/schoolofevangelization.org\/WP\/index.php?rest_route=%2Fwp%2Fv2%2Fmedia&parent=339"}],"curies":[{"name":"wp","href":"https:\/\/api.w.org\/{rel}","templated":true}]}}