{"id":21,"date":"2013-03-17T18:04:48","date_gmt":"2013-03-17T17:04:48","guid":{"rendered":"http:\/\/www.schoolofevangelization.org\/WP\/?page_id=21"},"modified":"2025-05-26T18:14:06","modified_gmt":"2025-05-26T16:14:06","slug":"scuola","status":"publish","type":"page","link":"https:\/\/schoolofevangelization.org\/WP\/?page_id=21","title":{"rendered":"Scuola"},"content":{"rendered":"<p><span style=\"color: #000000;\"><img loading=\"lazy\" decoding=\"async\" class=\"alignleft wp-image-2398\" src=\"http:\/\/www.schoolofevangelization.org\/WP\/wp-content\/uploads\/2025\/04\/WhatsApp-Image-2025-04-25-at-19.26.11-726x1024.jpeg\" alt=\"\" width=\"213\" height=\"300\" srcset=\"https:\/\/schoolofevangelization.org\/WP\/wp-content\/uploads\/2025\/04\/WhatsApp-Image-2025-04-25-at-19.26.11-726x1024.jpeg 726w, https:\/\/schoolofevangelization.org\/WP\/wp-content\/uploads\/2025\/04\/WhatsApp-Image-2025-04-25-at-19.26.11-213x300.jpeg 213w, https:\/\/schoolofevangelization.org\/WP\/wp-content\/uploads\/2025\/04\/WhatsApp-Image-2025-04-25-at-19.26.11-768x1083.jpeg 768w, https:\/\/schoolofevangelization.org\/WP\/wp-content\/uploads\/2025\/04\/WhatsApp-Image-2025-04-25-at-19.26.11-1090x1536.jpeg 1090w, https:\/\/schoolofevangelization.org\/WP\/wp-content\/uploads\/2025\/04\/WhatsApp-Image-2025-04-25-at-19.26.11.jpeg 1135w\" sizes=\"auto, (max-width: 213px) 100vw, 213px\" \/><\/span>La Scuola Internazionale di Evangelizzazione Kekak\u00f2 della Koinonia Giovanni Battista \u00e8 principalmente un programma formativo sistematico che risponde concretamente al mandato di Ges\u00f9 di andare in tutto il mondo annunciando il Vangelo ad ogni creatura (cf. Mc 16,15) e all\u2019invito della Chiesa alla <span style=\"color: #000080;\"><strong>Nuova Evangelizzazione<\/strong><\/span>, nuova nel fervore, nel metodo e nelle espressioni. La Scuola non \u00e8 soltanto un insieme di corsi, ma molto di pi\u00f9; \u00e8 una visione con obiettivi chiari e programmi.<\/p>\n<p><span style=\"color: #ff0000;\"><em><strong>La Scuola kerygmatica<\/strong><\/em><\/span>, il cui compito \u00e8 fare sperimentare vivamente il kerygma ed insegnare a trasmettere l\u2019annuncio evangelico mediante forme semplici, efficaci e creative.<br \/>\n<span style=\"color: #ff0000;\"><em><strong>La Scuola carismatica o ministeriale<\/strong><\/em><\/span>, il cui compito \u00e8 fornire gli strumenti adatti per esercitare i diversi ministeri con i quali lo Spirito Santo fa nascere, crescere e consolida la sua Chiesa.<br \/>\n<span style=\"color: #ff0000;\"><em><strong>La Scuola koinonica<\/strong><\/em><\/span>, il cui compito \u00e8 fornire i principi e i criteri del vivere comunitario, della crescita integrale e della guida pastorale al fine di raggiungere una piena maturit\u00e0 umana e spirituale.<\/p>\n<p><img loading=\"lazy\" decoding=\"async\" class=\"alignleft wp-image-2396\" src=\"http:\/\/www.schoolofevangelization.org\/WP\/wp-content\/uploads\/2025\/04\/WhatsApp-Image-2025-04-25-at-19.17.18-768x1024.jpeg\" alt=\"\" width=\"216\" height=\"288\" srcset=\"https:\/\/schoolofevangelization.org\/WP\/wp-content\/uploads\/2025\/04\/WhatsApp-Image-2025-04-25-at-19.17.18-768x1024.jpeg 768w, https:\/\/schoolofevangelization.org\/WP\/wp-content\/uploads\/2025\/04\/WhatsApp-Image-2025-04-25-at-19.17.18-225x300.jpeg 225w, https:\/\/schoolofevangelization.org\/WP\/wp-content\/uploads\/2025\/04\/WhatsApp-Image-2025-04-25-at-19.17.18-1152x1536.jpeg 1152w, https:\/\/schoolofevangelization.org\/WP\/wp-content\/uploads\/2025\/04\/WhatsApp-Image-2025-04-25-at-19.17.18.jpeg 1200w\" sizes=\"auto, (max-width: 216px) 100vw, 216px\" \/>La nostra scuola a <strong><span style=\"color: #ff0000;\">Recanati<\/span><\/strong> prima di tutto offre ai nostri studenti un\u2019opportunit\u00e0 per vivere l\u2019esperienza di Ges\u00f9 vivo nella quotidianit\u00e0. Lo studente respira un\u2019aria internazionale e di amicizia! Frequenti momenti di preghiera e la partecipazione alla vita della Koinonia locale ci permettono di accrescere l\u2019ardore per la nuova evangelizzazione e non solo. Ci spingono a reagire ai bisogni attuali delle persone d\u2019oggi di modo che ognuno si possa calare nella realt\u00e0 del mondo attraverso il servizio e il contatto con la gente.<\/p>\n","protected":false},"excerpt":{"rendered":"<p>La Scuola Internazionale di Evangelizzazione Kekak\u00f2 della Koinonia Giovanni Battista \u00e8 principalmente un programma formativo sistematico che risponde concretamente al mandato di Ges\u00f9 di andare &hellip;<\/p>\n","protected":false},"author":1,"featured_media":0,"parent":0,"menu_order":1,"comment_status":"closed","ping_status":"closed","template":"","meta":{"footnotes":""},"class_list":["post-21","page","type-page","status-publish","hentry"],"_links":{"self":[{"href":"https:\/\/schoolofevangelization.org\/WP\/index.php?rest_route=\/wp\/v2\/pages\/21","targetHints":{"allow":["GET"]}}],"collection":[{"href":"https:\/\/schoolofevangelization.org\/WP\/index.php?rest_route=\/wp\/v2\/pages"}],"about":[{"href":"https:\/\/schoolofevangelization.org\/WP\/index.php?rest_route=\/wp\/v2\/types\/page"}],"author":[{"embeddable":true,"href":"https:\/\/schoolofevangelization.org\/WP\/index.php?rest_route=\/wp\/v2\/users\/1"}],"replies":[{"embeddable":true,"href":"https:\/\/schoolofevangelization.org\/WP\/index.php?rest_route=%2Fwp%2Fv2%2Fcomments&post=21"}],"version-history":[{"count":106,"href":"https:\/\/schoolofevangelization.org\/WP\/index.php?rest_route=\/wp\/v2\/pages\/21\/revisions"}],"predecessor-version":[{"id":2570,"href":"https:\/\/schoolofevangelization.org\/WP\/index.php?rest_route=\/wp\/v2\/pages\/21\/revisions\/2570"}],"wp:attachment":[{"href":"https:\/\/schoolofevangelization.org\/WP\/index.php?rest_route=%2Fwp%2Fv2%2Fmedia&parent=21"}],"curies":[{"name":"wp","href":"https:\/\/api.w.org\/{rel}","templated":true}]}}