{"id":1819,"date":"2019-01-30T14:06:37","date_gmt":"2019-01-30T13:06:37","guid":{"rendered":"http:\/\/www.schoolofevangelization.org\/WP\/?page_id=1819"},"modified":"2025-05-21T19:36:11","modified_gmt":"2025-05-21T17:36:11","slug":"missioni","status":"publish","type":"page","link":"https:\/\/schoolofevangelization.org\/WP\/?page_id=1819","title":{"rendered":"Missioni"},"content":{"rendered":"<p><\/p>\n<h6><strong><a href=\"http:\/\/www.schoolofevangelization.org\/WP\/wp-content\/uploads\/2019\/01\/johns.jpg\" target=\"_blank\" rel=\"noopener\"><img loading=\"lazy\" decoding=\"async\" class=\"alignleft wp-image-1604 size-thumbnail\" src=\"http:\/\/www.schoolofevangelization.org\/WP\/wp-content\/uploads\/2019\/01\/johns-150x150.jpg\" alt=\"\" width=\"150\" height=\"150\" \/><\/a><span style=\"color: #c20202;\">Formazione all&#8217;evangelizzazione in cattedra universitaria<\/span><\/strong><\/h6>\n<p>A gennaio ha preso il via<strong> una nuova esperienza <\/strong>per la Koinonia: la collaborazione con la St. John\u2019s University (Minnesota, USA). Una formazione che riparte dal kerygma, vissuto ed annunciato.<\/p>\n<h6><strong><a href=\"http:\/\/www.schoolofevangelization.org\/WP\/wp-content\/uploads\/2019\/02\/au.jpg\" target=\"_blank\" rel=\"noopener\"><img loading=\"lazy\" decoding=\"async\" class=\"alignleft wp-image-1889 size-thumbnail\" src=\"http:\/\/www.schoolofevangelization.org\/WP\/wp-content\/uploads\/2019\/02\/au-150x150.jpg\" alt=\"\" width=\"150\" height=\"150\" \/><\/a><span style=\"color: #c20202;\"><a style=\"color: #c20202;\" href=\"http:\/\/www.schoolofevangelization.org\/WP\/?p=1366\">Visita in Australia<\/a><\/span><\/strong><\/h6>\n<p>La nostra comunit\u00e0 in Australia \u00e8 piccola ma \u00e8 un segno di speranza per la futura conquista dell\u2019intero continente per Ges\u00f9, una comunit\u00e0 che non smette mai di seminare e di lavorare per il vangelo.<\/p>\n<h6><strong><a href=\"http:\/\/www.schoolofevangelization.org\/WP\/wp-content\/uploads\/2019\/02\/IMG_2005-copia.jpg\"><img loading=\"lazy\" decoding=\"async\" class=\"alignleft size-thumbnail wp-image-1891\" src=\"http:\/\/www.schoolofevangelization.org\/WP\/wp-content\/uploads\/2019\/02\/IMG_2005-copia-150x150.jpg\" alt=\"\" width=\"150\" height=\"150\" \/><\/a><span style=\"color: #c20202;\">Video Testimonianze della Koinonia Australiana<\/span><\/strong><\/h6>\n<p>I nostri membri, anche se pochi, da alcuni anni fedelmente si trovano per l\u2019incontro della <strong>casa di preghiera<\/strong> e <strong>testimoniano<\/strong> il loro incontro personale con il Signore Ges\u00f9 nel loro ambiente quotidiano.<\/p>","protected":false},"excerpt":{"rendered":"<p>Formazione all&#8217;evangelizzazione in cattedra universitaria A gennaio ha preso il via una nuova esperienza per la Koinonia: la collaborazione con la St. John\u2019s University (Minnesota, &hellip;<\/p>\n","protected":false},"author":1,"featured_media":0,"parent":2,"menu_order":0,"comment_status":"closed","ping_status":"closed","template":"","meta":{"footnotes":""},"class_list":["post-1819","page","type-page","status-publish","hentry"],"_links":{"self":[{"href":"https:\/\/schoolofevangelization.org\/WP\/index.php?rest_route=\/wp\/v2\/pages\/1819","targetHints":{"allow":["GET"]}}],"collection":[{"href":"https:\/\/schoolofevangelization.org\/WP\/index.php?rest_route=\/wp\/v2\/pages"}],"about":[{"href":"https:\/\/schoolofevangelization.org\/WP\/index.php?rest_route=\/wp\/v2\/types\/page"}],"author":[{"embeddable":true,"href":"https:\/\/schoolofevangelization.org\/WP\/index.php?rest_route=\/wp\/v2\/users\/1"}],"replies":[{"embeddable":true,"href":"https:\/\/schoolofevangelization.org\/WP\/index.php?rest_route=%2Fwp%2Fv2%2Fcomments&post=1819"}],"version-history":[{"count":31,"href":"https:\/\/schoolofevangelization.org\/WP\/index.php?rest_route=\/wp\/v2\/pages\/1819\/revisions"}],"predecessor-version":[{"id":2474,"href":"https:\/\/schoolofevangelization.org\/WP\/index.php?rest_route=\/wp\/v2\/pages\/1819\/revisions\/2474"}],"up":[{"embeddable":true,"href":"https:\/\/schoolofevangelization.org\/WP\/index.php?rest_route=\/wp\/v2\/pages\/2"}],"wp:attachment":[{"href":"https:\/\/schoolofevangelization.org\/WP\/index.php?rest_route=%2Fwp%2Fv2%2Fmedia&parent=1819"}],"curies":[{"name":"wp","href":"https:\/\/api.w.org\/{rel}","templated":true}]}}