{"id":1373,"date":"2018-11-09T06:36:34","date_gmt":"2018-11-09T05:36:34","guid":{"rendered":"http:\/\/www.schoolofevangelization.org\/WP\/?page_id=1373"},"modified":"2026-02-11T13:49:23","modified_gmt":"2026-02-11T12:49:23","slug":"se-permanente","status":"publish","type":"page","link":"https:\/\/schoolofevangelization.org\/WP\/?page_id=1373","title":{"rendered":"Calendario 2025-2026"},"content":{"rendered":"<p><img loading=\"lazy\" decoding=\"async\" class=\"size-large wp-image-2581 aligncenter\" src=\"https:\/\/schoolofevangelization.org\/WP\/wp-content\/uploads\/2025\/10\/WhatsApp-Image-2025-10-22-at-11.47.38-1024x576.jpeg\" alt=\"\" width=\"760\" height=\"428\" srcset=\"https:\/\/schoolofevangelization.org\/WP\/wp-content\/uploads\/2025\/10\/WhatsApp-Image-2025-10-22-at-11.47.38-1024x576.jpeg 1024w, https:\/\/schoolofevangelization.org\/WP\/wp-content\/uploads\/2025\/10\/WhatsApp-Image-2025-10-22-at-11.47.38-300x169.jpeg 300w, https:\/\/schoolofevangelization.org\/WP\/wp-content\/uploads\/2025\/10\/WhatsApp-Image-2025-10-22-at-11.47.38-768x432.jpeg 768w, https:\/\/schoolofevangelization.org\/WP\/wp-content\/uploads\/2025\/10\/WhatsApp-Image-2025-10-22-at-11.47.38-284x160.jpeg 284w, https:\/\/schoolofevangelization.org\/WP\/wp-content\/uploads\/2025\/10\/WhatsApp-Image-2025-10-22-at-11.47.38.jpeg 1280w\" sizes=\"auto, (max-width: 760px) 100vw, 760px\" \/><\/p>\n<h5 style=\"text-align: center;\">PROGRAMMA<\/h5>\n<p class=\"cvGsUA direction-ltr align-start para-style-details\" style=\"text-align: left;\"><span class=\"a_GcMg font-feature-liga-off font-feature-clig-off font-feature-calt-off text-decoration-none text-strikethrough-none\">Il programma 2025-2026 della <\/span><span class=\"a_GcMg font-feature-liga-off font-feature-clig-off font-feature-calt-off text-decoration-none text-strikethrough-none\">Scuola di evangelizzazione si svolger\u00e0 <\/span><span class=\"a_GcMg font-feature-liga-off font-feature-clig-off font-feature-calt-off text-decoration-none text-strikethrough-none\">nei fine settimana a partire <\/span><span class=\"a_GcMg font-feature-liga-off font-feature-clig-off font-feature-calt-off text-decoration-none text-strikethrough-none\">dalle 19:00 del <\/span><span class=\"a_GcMg font-feature-liga-off font-feature-clig-off font-feature-calt-off text-decoration-none text-strikethrough-none\">venerd\u00ec fino alle 15:00 della domenica.<\/span><\/p>\n<p class=\"cvGsUA direction-ltr align-start para-style-details\"><span class=\"a_GcMg font-feature-liga-off font-feature-clig-off font-feature-calt-off text-decoration-none text-strikethrough-none\">Le lezioni saranno per lo pi\u00f9 frontali con altrettanti momenti di preghiera comunitaria e attivit\u00e0 di gruppo e di elaborazione dei contenuti e gli studenti saranno forniti di sussidi e materiale per la riproduzione dei corsi stessi.<\/span><\/p>\n<p class=\"cvGsUA direction-ltr align-start para-style-details\"><span class=\"a_GcMg font-feature-liga-off font-feature-clig-off font-feature-calt-off text-decoration-none text-strikethrough-none\">La scuola si far\u00e0 in lingua italiana e nel caso ci fosse bisogno di traduzione sar\u00e0 da richiedere alla segreteria della scuola. Al partecipante \u00e8 richiesto di presentare una lettera di motivazione da parte del responsabile dell\u2019oasi o coordinatore della realt\u00e0, oppure del proprio parroco (se non si tratta di un membro della Koinonia). Per ogni singolo corso verr\u00e0 procurato<\/span> <span class=\"a_GcMg font-feature-liga-off font-feature-clig-off font-feature-calt-off text-decoration-none text-strikethrough-none\">un attestato di frequenza o un diploma di partecipazione per l\u2019intero programma.<\/span><\/p>\n<p class=\"cvGsUA direction-ltr align-start para-style-details\"><span class=\"a_GcMg font-feature-liga-off font-feature-clig-off font-feature-calt-off text-decoration-none text-strikethrough-none\">Verranno proposti contributi orientativi a seconda della modalit\u00e0 di partecipazione: singolo corso, solo lezioni, all inclusive con pernottamento, ecc.<\/span><\/p>\n<p class=\"cvGsUA direction-ltr align-start para-style-details\"><span class=\"a_GcMg font-feature-liga-off font-feature-clig-off font-feature-calt-off text-decoration-none text-strikethrough-none\">Gli alloggi saranno o nella stessa Oasi di Recanati, o nelle famiglie che mettono a disposizione le loro case o in strutture ricettive a seconda delle diverse esigenze di ognuno.<\/span><\/p>\n<p>&nbsp;<\/p>\n<h5><strong>CALENDARIO:<\/strong><\/h5>\n<div>\n<div>\n<div>\n<h6><strong>05\/12 &#8211; 07\/12\u00a0 <a href=\"https:\/\/schoolofevangelization.org\/WP\/wp-content\/uploads\/2025\/11\/SE-METODOLOGIA-C.-FILIPPO-locandina-A4.pdf\" target=\"_blank\" rel=\"noopener\">METODOLOGIA DEL CORSO FILIPPO<\/a><\/strong><\/h6>\n<\/div>\n<\/div>\n<div>\n<div>\n<p class=\"cvGsUA direction-ltr align-start para-style-details\"><span class=\"a_GcMg font-feature-liga-off font-feature-clig-off font-feature-calt-off text-decoration-none text-strikethrough-none\">Nel corso apprendi a come dare il corso Filippo a seconda del contesto dove ti trovi. Si affrontano anche i nuovi aggiornamenti del corso stesso, perci\u00f2 specialmente sono invitati i direttori delle scuole di evangelizzazione locali.<\/span><\/p>\n<p class=\"cvGsUA direction-ltr align-start para-style-details\"><span class=\"a_GcMg font-feature-liga-off font-feature-clig-off font-feature-calt-off text-decoration-none text-strikethrough-none\">NB: Il corso Filippo ha per obiettivo facilitare l\u2019incontro personale con Ges\u00f9 sia ai cristiani che ai non cristiani.<\/span><\/p>\n<h6>Scarica la locandina con le informazioni: <a style=\"font-size: 15.68px; font-weight: bold; text-transform: uppercase;\" href=\"https:\/\/schoolofevangelization.org\/WP\/wp-content\/uploads\/2025\/11\/SE-METODOLOGIA-C.-FILIPPO-info.pdf\" target=\"_blank\" rel=\"noopener\">INFO<\/a><\/h6>\n<p>&nbsp;<\/p>\n<\/div>\n<\/div>\n<div>\n<div>\n<h6><strong>09\/01 &#8211; 11\/01\u00a0 PREGHIERA DI INTERCESSIONE<\/strong><\/h6>\n<\/div>\n<\/div>\n<div>\n<div>\n<p><span class=\"a_GcMg font-feature-liga-off font-feature-clig-off font-feature-calt-off text-decoration-none text-strikethrough-none\">La Bibbia e la storia della Chiesa ci insegnano che ogni evangelizzazione fruttuosa \u00e8 preceduta ed accompagnata da un\u2019intercessione intensa. Questo corso ci offre un\u2019esperienza di tale preghiera e ci insegna un metodo semplice che ci aiuta a pregare in modo dinamico ed efficace.<\/span><\/p>\n<p>&nbsp;<\/p>\n<\/div>\n<\/div>\n<div>\n<div>\n<div>\n<h6><strong>28\/02 &#8211; 01\/03\u00a0 <a href=\"https:\/\/schoolofevangelization.org\/WP\/wp-content\/uploads\/2026\/02\/WhatsApp-Image-2026-02-07-at-17.49.21.jpeg\" target=\"_blank\" rel=\"noopener\">PREGHIERA CARISMATICA<\/a><\/strong><\/h6>\n<\/div>\n<\/div>\n<div>\n<p><span class=\"a_GcMg font-feature-liga-off font-feature-clig-off font-feature-calt-off text-decoration-none text-strikethrough-none\">Il corso ti fa scoprire un m<\/span><span class=\"a_GcMg font-feature-liga-off font-feature-clig-off font-feature-calt-off text-decoration-none text-strikethrough-none\">odo semplice e<\/span><span class=\"a_GcMg font-feature-liga-off font-feature-clig-off font-feature-calt-off text-decoration-none text-strikethrough-none\"> coinvolgente di come vivere <\/span><span class=\"a_GcMg font-feature-liga-off font-feature-clig-off font-feature-calt-off text-decoration-none text-strikethrough-none\">e guidare un<\/span><span class=\"a_GcMg font-feature-liga-off font-feature-clig-off font-feature-calt-off text-decoration-none text-strikethrough-none\"> incontro di preghiera in modo comunitario. Si pone l\u2019attenzione all\u2019esperienza carismatica che si vive nella preghiera comunitaria, dando nozioni utili a far fluire le manifestazioni dello Spirito Santo per l\u2019edificazione dell\u2019assemblea.<\/span><\/p>\n<h6>Scarica la locandina con le informazioni:\u00a0<a href=\"https:\/\/schoolofevangelization.org\/WP\/wp-content\/uploads\/2026\/02\/WhatsApp-Image-2026-02-07-at-17.49.26.jpeg\" target=\"_blank\" rel=\"noopener\">INFO<\/a><\/h6>\n<p>&nbsp;<\/p>\n<\/div>\n<div>\n<div>\n<p><strong>01\/5 &#8211; 03\/05\u00a0 LABORATORIO DI PREDICAZIONE<\/strong><\/p>\n<\/div>\n<\/div>\n<div>\n<div>\n<p><span class=\"a_GcMg font-feature-liga-off font-feature-clig-off font-feature-calt-off text-decoration-none text-strikethrough-none\">Un laboratorio per offrire alcuni strumenti pratici per costruire il proprio insegnamento e saperlo comunicare in modo semplice, comprensibile e kerygmatico a seconda dei destinatari, del contesto e del tema stesso.<\/span><\/p>\n<p>&nbsp;<\/p>\n<\/div>\n<\/div>\n<div>\n<div>\n<p><strong>05\/06 &#8211; 07\/06\u00a0 CORSO KERYGMA OGGI<\/strong><\/p>\n<\/div>\n<\/div>\n<div>\n<div>\n<p><span class=\"a_GcMg font-feature-liga-off font-feature-clig-off font-feature-calt-off text-decoration-none text-strikethrough-none\">Un corso per riaccendere una nuova passione per la missione. L\u2019oggetto del corso \u00e8 il Kerygma stesso e la sua applicazione rispettando i destinatari e il contesto culturale senza compromettere il messaggio del Vangelo. Ottimo per i catechisti e per coloro che servono nel ministero del primo annuncio.<\/span><\/p>\n<p>&nbsp;<\/p>\n<\/div>\n<h5><strong>ORARI:<\/strong><\/h5>\n<p class=\"cvGsUA direction-ltr align-start para-style-details\"><strong><span class=\"a_GcMg font-feature-liga-off font-feature-clig-off font-feature-calt-off text-decoration-none text-strikethrough-none\">VENERD\u00cc<\/span><\/strong><\/p>\n<p class=\"cvGsUA direction-ltr align-start para-style-details\"><span class=\"a_GcMg font-feature-liga-off font-feature-clig-off font-feature-calt-off text-decoration-none text-strikethrough-none\">19:00\u00a0 arrivi e registrazioni<\/span><\/p>\n<p class=\"cvGsUA direction-ltr align-start para-style-details\"><span class=\"a_GcMg font-feature-liga-off font-feature-clig-off font-feature-calt-off text-decoration-none text-strikethrough-none\">20:00\u00a0 cena<\/span><\/p>\n<p>&nbsp;<\/p>\n<p class=\"cvGsUA direction-ltr align-start para-style-details\"><strong><span class=\"a_GcMg font-feature-liga-off font-feature-clig-off font-feature-calt-off text-decoration-none text-strikethrough-none\">SABATO<\/span><\/strong><\/p>\n<p class=\"cvGsUA direction-ltr align-start para-style-details\"><span class=\"a_GcMg font-feature-liga-off font-feature-clig-off font-feature-calt-off text-decoration-none text-strikethrough-none\">7:00\u00a0 colazione<\/span><\/p>\n<p class=\"cvGsUA direction-ltr align-start para-style-details\"><span class=\"a_GcMg font-feature-liga-off font-feature-clig-off font-feature-calt-off text-decoration-none text-strikethrough-none\">8:30\u00a0 preghiera comunitaria<\/span><\/p>\n<p class=\"cvGsUA direction-ltr align-start para-style-details\"><span class=\"a_GcMg font-feature-liga-off font-feature-clig-off font-feature-calt-off text-decoration-none text-strikethrough-none\">9:00\u00a0 Lezione I<\/span><\/p>\n<p class=\"cvGsUA direction-ltr align-start para-style-details\"><span class=\"a_GcMg font-feature-liga-off font-feature-clig-off font-feature-calt-off text-decoration-none text-strikethrough-none\">10:00\u00a0 pausa<\/span><\/p>\n<p class=\"cvGsUA direction-ltr align-start para-style-details\"><span class=\"a_GcMg font-feature-liga-off font-feature-clig-off font-feature-calt-off text-decoration-none text-strikethrough-none\">10:30\u00a0 Lezione II<\/span><\/p>\n<p class=\"cvGsUA direction-ltr align-start para-style-details\"><span class=\"a_GcMg font-feature-liga-off font-feature-clig-off font-feature-calt-off text-decoration-none text-strikethrough-none\">11:30\u00a0 Lezione III<\/span><\/p>\n<p class=\"cvGsUA direction-ltr align-start para-style-details\"><span class=\"a_GcMg font-feature-liga-off font-feature-clig-off font-feature-calt-off text-decoration-none text-strikethrough-none\">12:30\u00a0 pausa<\/span><\/p>\n<p class=\"cvGsUA direction-ltr align-start para-style-details\"><span class=\"a_GcMg font-feature-liga-off font-feature-clig-off font-feature-calt-off text-decoration-none text-strikethrough-none\">13:00\u00a0 pranzo<\/span><\/p>\n<p class=\"cvGsUA direction-ltr align-start para-style-details\"><span class=\"a_GcMg font-feature-liga-off font-feature-clig-off font-feature-calt-off text-decoration-none text-strikethrough-none\">15:00\u00a0 visita Santuario della <\/span><span class=\"a_GcMg font-feature-liga-off font-feature-clig-off font-feature-calt-off text-decoration-none text-strikethrough-none\">Santa Casa di Loreto<\/span><\/p>\n<p class=\"cvGsUA direction-ltr align-start para-style-details\"><span class=\"a_GcMg font-feature-liga-off font-feature-clig-off font-feature-calt-off text-decoration-none text-strikethrough-none\">16:30\u00a0 rientro alla scuola<\/span><\/p>\n<p class=\"cvGsUA direction-ltr align-start para-style-details\"><span class=\"a_GcMg font-feature-liga-off font-feature-clig-off font-feature-calt-off text-decoration-none text-strikethrough-none\">17:00\u00a0 Lezione IV<\/span><\/p>\n<p class=\"cvGsUA direction-ltr align-start para-style-details\"><span class=\"a_GcMg font-feature-liga-off font-feature-clig-off font-feature-calt-off text-decoration-none text-strikethrough-none\">18:00\u00a0 pausa<\/span><\/p>\n<p class=\"cvGsUA direction-ltr align-start para-style-details\"><span class=\"a_GcMg font-feature-liga-off font-feature-clig-off font-feature-calt-off text-decoration-none text-strikethrough-none\">18:30\u00a0 Lezione V<\/span><\/p>\n<p class=\"cvGsUA direction-ltr align-start para-style-details\"><span class=\"a_GcMg font-feature-liga-off font-feature-clig-off font-feature-calt-off text-decoration-none text-strikethrough-none\">19:30\u00a0 conclusione della giornata<\/span><\/p>\n<p class=\"cvGsUA direction-ltr align-start para-style-details\"><span class=\"a_GcMg font-feature-liga-off font-feature-clig-off font-feature-calt-off text-decoration-none text-strikethrough-none\">20:00\u00a0 cena<\/span><\/p>\n<p>&nbsp;<\/p>\n<p class=\"cvGsUA direction-ltr align-start para-style-details\"><strong><span class=\"a_GcMg font-feature-liga-off font-feature-clig-off font-feature-calt-off text-decoration-none text-strikethrough-none\">DOMENICA<\/span><\/strong><\/p>\n<p class=\"cvGsUA direction-ltr align-start para-style-details\"><span class=\"a_GcMg font-feature-liga-off font-feature-clig-off font-feature-calt-off text-decoration-none text-strikethrough-none\">8:30\u00a0 preghiera comunitaria<\/span><\/p>\n<p class=\"cvGsUA direction-ltr align-start para-style-details\"><span class=\"a_GcMg font-feature-liga-off font-feature-clig-off font-feature-calt-off text-decoration-none text-strikethrough-none\">9:00\u00a0 Lezione VI<\/span><\/p>\n<p class=\"cvGsUA direction-ltr align-start para-style-details\"><span class=\"a_GcMg font-feature-liga-off font-feature-clig-off font-feature-calt-off text-decoration-none text-strikethrough-none\">10:00\u00a0 pausa<\/span><\/p>\n<p class=\"cvGsUA direction-ltr align-start para-style-details\"><span class=\"a_GcMg font-feature-liga-off font-feature-clig-off font-feature-calt-off text-decoration-none text-strikethrough-none\">10:30\u00a0 Lezione VII<\/span><\/p>\n<p class=\"cvGsUA direction-ltr align-start para-style-details\"><span class=\"a_GcMg font-feature-liga-off font-feature-clig-off font-feature-calt-off text-decoration-none text-strikethrough-none\">11:30\u00a0 conclusione del corso<\/span><\/p>\n<p class=\"cvGsUA direction-ltr align-start para-style-details\"><span class=\"a_GcMg font-feature-liga-off font-feature-clig-off font-feature-calt-off text-decoration-none text-strikethrough-none\">11:45\u00a0 S. Messa<\/span><\/p>\n<p class=\"cvGsUA direction-ltr align-start para-style-details\"><span class=\"a_GcMg font-feature-liga-off font-feature-clig-off font-feature-calt-off text-decoration-none text-strikethrough-none\">13:00\u00a0 pranzo<\/span><\/p>\n<p class=\"cvGsUA direction-ltr align-start para-style-details\"><span class=\"a_GcMg font-feature-liga-off font-feature-clig-off font-feature-calt-off text-decoration-none text-strikethrough-none\">15:00\u00a0 partenze<\/span><\/p>\n<\/div>\n<\/div>\n<\/div>\n<p>&nbsp;<\/p>\n<h5><strong>NON ESITARE A CONTATTARCI:<\/strong><\/h5>\n<p><strong>E-Mail:<\/strong> <a href=\"mailto:school@koinoniagb.org\">school@koinoniagb.org<\/a><br \/>\n<strong>Whatsapp:<\/strong> +39 3669523656<\/p>\n<h6>SACARICA IL PROGRAMMA COMPLETO: <a href=\"https:\/\/schoolofevangelization.org\/WP\/wp-content\/uploads\/2025\/11\/SCUOLA-INT.-2025-A4.pdf\" target=\"_blank\" rel=\"noopener\">LOCANDINA<\/a><\/h6>\n<p>&nbsp;<\/p>\n<p>&nbsp;<\/p>","protected":false},"excerpt":{"rendered":"<p>PROGRAMMA Il programma 2025-2026 della Scuola di evangelizzazione si svolger\u00e0 nei fine settimana a partire dalle 19:00 del venerd\u00ec fino alle 15:00 della domenica. Le &hellip;<\/p>\n","protected":false},"author":1,"featured_media":0,"parent":0,"menu_order":2,"comment_status":"closed","ping_status":"closed","template":"","meta":{"footnotes":""},"class_list":["post-1373","page","type-page","status-publish","hentry"],"_links":{"self":[{"href":"https:\/\/schoolofevangelization.org\/WP\/index.php?rest_route=\/wp\/v2\/pages\/1373","targetHints":{"allow":["GET"]}}],"collection":[{"href":"https:\/\/schoolofevangelization.org\/WP\/index.php?rest_route=\/wp\/v2\/pages"}],"about":[{"href":"https:\/\/schoolofevangelization.org\/WP\/index.php?rest_route=\/wp\/v2\/types\/page"}],"author":[{"embeddable":true,"href":"https:\/\/schoolofevangelization.org\/WP\/index.php?rest_route=\/wp\/v2\/users\/1"}],"replies":[{"embeddable":true,"href":"https:\/\/schoolofevangelization.org\/WP\/index.php?rest_route=%2Fwp%2Fv2%2Fcomments&post=1373"}],"version-history":[{"count":85,"href":"https:\/\/schoolofevangelization.org\/WP\/index.php?rest_route=\/wp\/v2\/pages\/1373\/revisions"}],"predecessor-version":[{"id":2656,"href":"https:\/\/schoolofevangelization.org\/WP\/index.php?rest_route=\/wp\/v2\/pages\/1373\/revisions\/2656"}],"wp:attachment":[{"href":"https:\/\/schoolofevangelization.org\/WP\/index.php?rest_route=%2Fwp%2Fv2%2Fmedia&parent=1373"}],"curies":[{"name":"wp","href":"https:\/\/api.w.org\/{rel}","templated":true}]}}